{"id":35,"date":"2024-08-30T06:30:13","date_gmt":"2024-08-30T06:30:13","guid":{"rendered":"https:\/\/winterschwimmen.eu\/?page_id=35"},"modified":"2025-12-01T14:03:24","modified_gmt":"2025-12-01T14:03:24","slug":"winterschwimmen-eu","status":"publish","type":"page","link":"https:\/\/winterschwimmen.eu\/","title":{"rendered":"Eisbaden im Hallwilersee"},"content":{"rendered":"\t\t<div data-elementor-type=\"wp-page\" data-elementor-id=\"35\" class=\"elementor elementor-35\">\n\t\t\t\t<div class=\"elementor-element elementor-element-9f83786 e-flex e-con-boxed e-con e-parent\" data-id=\"9f83786\" data-element_type=\"container\">\n\t\t\t\t\t<div class=\"e-con-inner\">\n\t\t\t\t<div class=\"elementor-element elementor-element-97ce279 elementor-widget elementor-widget-text-editor\" data-id=\"97ce279\" data-element_type=\"widget\" data-widget_type=\"text-editor.default\">\n\t\t\t\t<div class=\"elementor-widget-container\">\n\t\t\t\t\t\t\t\t\t<div><h3>Einfach wieder mal das pure Leben sp\u00fcren?<\/h3><p>Abtauchen, alles vergessen und aus dem gewohnten Alltag ausbrechen. Kennst du auch dieses Bed\u00fcrfnis? Wissenschaftler, wie Winterschwimmer sind sich einig; Winterschwimmen ist Immunsystem st\u00e4rkend und senkt den Blutdruck. Der K\u00f6rper wird in einen Ausnahmezustand versetzt, der alles um sich vergessen l\u00e4sst. Dazu wird ein Cocktail von Gl\u00fcckshormonen ausgesch\u00fcttet. Eine super Voraussetzung den gestressten Alltag neu zu sehen und anders zu gestalten. Das einfache Leben kann beginnen.<\/p><\/div>\t\t\t\t\t\t\t\t<\/div>\n\t\t\t\t<\/div>\n\t\t\t\t\t<\/div>\n\t\t\t\t<\/div>\n\t\t<div class=\"elementor-element elementor-element-ea733dd e-flex e-con-boxed e-con e-parent\" data-id=\"ea733dd\" data-element_type=\"container\">\n\t\t\t\t\t<div class=\"e-con-inner\">\n\t\t\t\t<div class=\"elementor-element elementor-element-6ff763e elementor-alert-info elementor-widget elementor-widget-alert\" data-id=\"6ff763e\" data-element_type=\"widget\" data-widget_type=\"alert.default\">\n\t\t\t\t<div class=\"elementor-widget-container\">\n\t\t\t\t\t\t\t<div class=\"elementor-alert\" role=\"alert\">\n\n\t\t\t\t\t\t<span class=\"elementor-alert-title\">Winterstart Challenge<\/span>\n\t\t\t\n\t\t\t\t\t\t<span class=\"elementor-alert-description\">Fr\u00fch einsteigen lohnt sich nicht nur weil es einfacher ist sich an das k\u00fchle Nass zu gew\u00f6hnen, sondern auch weil du eine Spezialwinterschwimmkappe erh\u00e4ltst.Wenn du zwischen Oktober und Ende Dezember 2025, sechs mal mit Winterschwimmen.eu im See abtauchst, erh\u00e4lt du als Neujahrsgeschenk eine einzigartige Winterkappe. Mitschwimmen lohnt sich!<\/span>\n\t\t\t\n\t\t\t\t\t\t<button type=\"button\" class=\"elementor-alert-dismiss\" aria-label=\"Dismiss this alert.\">\n\t\t\t\t<svg aria-hidden=\"true\" class=\"e-font-icon-svg e-fas-swimmer\" viewBox=\"0 0 640 512\" xmlns=\"http:\/\/www.w3.org\/2000\/svg\"><path d=\"M189.61 310.58c3.54 3.26 15.27 9.42 34.39 9.42s30.86-6.16 34.39-9.42c16.02-14.77 34.5-22.58 53.46-22.58h16.3c18.96 0 37.45 7.81 53.46 22.58 3.54 3.26 15.27 9.42 34.39 9.42s30.86-6.16 34.39-9.42c14.86-13.71 31.88-21.12 49.39-22.16l-112.84-80.6 18-12.86c3.64-2.58 8.28-3.52 12.62-2.61l100.35 21.53c25.91 5.53 51.44-10.97 57-36.88 5.55-25.92-10.95-51.44-36.88-57L437.68 98.47c-30.73-6.58-63.02.12-88.56 18.38l-80.02 57.17c-10.38 7.39-19.36 16.44-26.72 26.94L173.75 299c5.47 3.23 10.82 6.93 15.86 11.58zM624 352h-16c-26.04 0-45.8-8.42-56.09-17.9-8.9-8.21-19.66-14.1-31.77-14.1h-16.3c-12.11 0-22.87 5.89-31.77 14.1C461.8 343.58 442.04 352 416 352s-45.8-8.42-56.09-17.9c-8.9-8.21-19.66-14.1-31.77-14.1h-16.3c-12.11 0-22.87 5.89-31.77 14.1C269.8 343.58 250.04 352 224 352s-45.8-8.42-56.09-17.9c-8.9-8.21-19.66-14.1-31.77-14.1h-16.3c-12.11 0-22.87 5.89-31.77 14.1C77.8 343.58 58.04 352 32 352H16c-8.84 0-16 7.16-16 16v32c0 8.84 7.16 16 16 16h16c38.62 0 72.72-12.19 96-31.84 23.28 19.66 57.38 31.84 96 31.84s72.72-12.19 96-31.84c23.28 19.66 57.38 31.84 96 31.84s72.72-12.19 96-31.84c23.28 19.66 57.38 31.84 96 31.84h16c8.84 0 16-7.16 16-16v-32c0-8.84-7.16-16-16-16zm-512-96c44.18 0 80-35.82 80-80s-35.82-80-80-80-80 35.82-80 80 35.82 80 80 80z\"><\/path><\/svg>\t\t\t<\/button>\n\t\t\t\n\t\t<\/div>\n\t\t\t\t\t\t<\/div>\n\t\t\t\t<\/div>\n\t\t\t\t\t<\/div>\n\t\t\t\t<\/div>\n\t\t\t\t<\/div>\n\t\t","protected":false},"excerpt":{"rendered":"<p>Einfach wieder mal das pure Leben sp\u00fcren? Abtauchen, alles vergessen und aus dem gewohnten Alltag ausbrechen. Kennst du auch dieses Bed\u00fcrfnis? Wissenschaftler, wie Winterschwimmer sind sich einig; Winterschwimmen ist Immunsystem st\u00e4rkend und senkt den Blutdruck. Der K\u00f6rper wird in einen Ausnahmezustand versetzt, der alles um sich vergessen l\u00e4sst. Dazu wird ein Cocktail von Gl\u00fcckshormonen ausgesch\u00fcttet. &hellip; <\/p>\n<p class=\"link-more\"><a href=\"https:\/\/winterschwimmen.eu\/\" class=\"more-link\"><span class=\"screen-reader-text\">&#171;Eisbaden im Hallwilersee&#187;<\/span> weiterlesen<\/a><\/p>\n","protected":false},"author":1,"featured_media":0,"parent":0,"menu_order":0,"comment_status":"closed","ping_status":"closed","template":"","meta":{"footnotes":""},"class_list":["post-35","page","type-page","status-publish","hentry"],"yoast_head":"<!-- This site is optimized with the Yoast SEO plugin v25.6 - https:\/\/yoast.com\/wordpress\/plugins\/seo\/ -->\n<title>Eisbaden im Hallwilersee - Den Moment erleben<\/title>\n<meta name=\"description\" content=\"Lust, wieder mal den Kopf von allen Gedanken zu befreien und das pure Leben sp\u00fcren? Eisbaden unterst\u00fctzt dich dabei hervorragend.\" \/>\n<meta name=\"robots\" content=\"index, follow, max-snippet:-1, max-image-preview:large, max-video-preview:-1\" \/>\n<link rel=\"canonical\" href=\"https:\/\/winterschwimmen.eu\/\" \/>\n<meta property=\"og:locale\" content=\"de_DE\" \/>\n<meta property=\"og:type\" content=\"article\" \/>\n<meta property=\"og:title\" content=\"Eisbaden im Hallwilersee - Den Moment erleben\" \/>\n<meta property=\"og:description\" content=\"Lust, wieder mal den Kopf von allen Gedanken zu befreien und das pure Leben sp\u00fcren? Eisbaden unterst\u00fctzt dich dabei hervorragend.\" \/>\n<meta property=\"og:url\" content=\"https:\/\/winterschwimmen.eu\/\" \/>\n<meta property=\"og:site_name\" content=\"Den Moment erleben\" \/>\n<meta property=\"article:modified_time\" content=\"2025-12-01T14:03:24+00:00\" \/>\n<meta name=\"twitter:card\" content=\"summary_large_image\" \/>\n<meta name=\"twitter:label1\" content=\"Gesch\u00e4tzte Lesezeit\" \/>\n\t<meta name=\"twitter:data1\" content=\"1\u00a0Minute\" \/>\n<script type=\"application\/ld+json\" class=\"yoast-schema-graph\">{\"@context\":\"https:\/\/schema.org\",\"@graph\":[{\"@type\":\"WebPage\",\"@id\":\"https:\/\/winterschwimmen.eu\/\",\"url\":\"https:\/\/winterschwimmen.eu\/\",\"name\":\"Eisbaden im Hallwilersee - Den Moment erleben\",\"isPartOf\":{\"@id\":\"https:\/\/winterschwimmen.eu\/#website\"},\"datePublished\":\"2024-08-30T06:30:13+00:00\",\"dateModified\":\"2025-12-01T14:03:24+00:00\",\"description\":\"Lust, wieder mal den Kopf von allen Gedanken zu befreien und das pure Leben sp\u00fcren? Eisbaden unterst\u00fctzt dich dabei hervorragend.\",\"breadcrumb\":{\"@id\":\"https:\/\/winterschwimmen.eu\/#breadcrumb\"},\"inLanguage\":\"de-CH\",\"potentialAction\":[{\"@type\":\"ReadAction\",\"target\":[\"https:\/\/winterschwimmen.eu\/\"]}]},{\"@type\":\"BreadcrumbList\",\"@id\":\"https:\/\/winterschwimmen.eu\/#breadcrumb\",\"itemListElement\":[{\"@type\":\"ListItem\",\"position\":1,\"name\":\"Startseite\",\"item\":\"https:\/\/winterschwimmen.eu\/\"},{\"@type\":\"ListItem\",\"position\":2,\"name\":\"Eisbaden im Hallwilersee\"}]},{\"@type\":\"WebSite\",\"@id\":\"https:\/\/winterschwimmen.eu\/#website\",\"url\":\"https:\/\/winterschwimmen.eu\/\",\"name\":\"Den Moment erleben\",\"description\":\"Ins kalte Wasser eintauchen und den Kopf befreien\",\"potentialAction\":[{\"@type\":\"SearchAction\",\"target\":{\"@type\":\"EntryPoint\",\"urlTemplate\":\"https:\/\/winterschwimmen.eu\/?s={search_term_string}\"},\"query-input\":{\"@type\":\"PropertyValueSpecification\",\"valueRequired\":true,\"valueName\":\"search_term_string\"}}],\"inLanguage\":\"de-CH\"}]}<\/script>\n<!-- \/ Yoast SEO plugin. -->","yoast_head_json":{"title":"Eisbaden im Hallwilersee - Den Moment erleben","description":"Lust, wieder mal den Kopf von allen Gedanken zu befreien und das pure Leben sp\u00fcren? Eisbaden unterst\u00fctzt dich dabei hervorragend.","robots":{"index":"index","follow":"follow","max-snippet":"max-snippet:-1","max-image-preview":"max-image-preview:large","max-video-preview":"max-video-preview:-1"},"canonical":"https:\/\/winterschwimmen.eu\/","og_locale":"de_DE","og_type":"article","og_title":"Eisbaden im Hallwilersee - Den Moment erleben","og_description":"Lust, wieder mal den Kopf von allen Gedanken zu befreien und das pure Leben sp\u00fcren? Eisbaden unterst\u00fctzt dich dabei hervorragend.","og_url":"https:\/\/winterschwimmen.eu\/","og_site_name":"Den Moment erleben","article_modified_time":"2025-12-01T14:03:24+00:00","twitter_card":"summary_large_image","twitter_misc":{"Gesch\u00e4tzte Lesezeit":"1\u00a0Minute"},"schema":{"@context":"https:\/\/schema.org","@graph":[{"@type":"WebPage","@id":"https:\/\/winterschwimmen.eu\/","url":"https:\/\/winterschwimmen.eu\/","name":"Eisbaden im Hallwilersee - Den Moment erleben","isPartOf":{"@id":"https:\/\/winterschwimmen.eu\/#website"},"datePublished":"2024-08-30T06:30:13+00:00","dateModified":"2025-12-01T14:03:24+00:00","description":"Lust, wieder mal den Kopf von allen Gedanken zu befreien und das pure Leben sp\u00fcren? Eisbaden unterst\u00fctzt dich dabei hervorragend.","breadcrumb":{"@id":"https:\/\/winterschwimmen.eu\/#breadcrumb"},"inLanguage":"de-CH","potentialAction":[{"@type":"ReadAction","target":["https:\/\/winterschwimmen.eu\/"]}]},{"@type":"BreadcrumbList","@id":"https:\/\/winterschwimmen.eu\/#breadcrumb","itemListElement":[{"@type":"ListItem","position":1,"name":"Startseite","item":"https:\/\/winterschwimmen.eu\/"},{"@type":"ListItem","position":2,"name":"Eisbaden im Hallwilersee"}]},{"@type":"WebSite","@id":"https:\/\/winterschwimmen.eu\/#website","url":"https:\/\/winterschwimmen.eu\/","name":"Den Moment erleben","description":"Ins kalte Wasser eintauchen und den Kopf befreien","potentialAction":[{"@type":"SearchAction","target":{"@type":"EntryPoint","urlTemplate":"https:\/\/winterschwimmen.eu\/?s={search_term_string}"},"query-input":{"@type":"PropertyValueSpecification","valueRequired":true,"valueName":"search_term_string"}}],"inLanguage":"de-CH"}]}},"_links":{"self":[{"href":"https:\/\/winterschwimmen.eu\/index.php?rest_route=\/wp\/v2\/pages\/35","targetHints":{"allow":["GET"]}}],"collection":[{"href":"https:\/\/winterschwimmen.eu\/index.php?rest_route=\/wp\/v2\/pages"}],"about":[{"href":"https:\/\/winterschwimmen.eu\/index.php?rest_route=\/wp\/v2\/types\/page"}],"author":[{"embeddable":true,"href":"https:\/\/winterschwimmen.eu\/index.php?rest_route=\/wp\/v2\/users\/1"}],"replies":[{"embeddable":true,"href":"https:\/\/winterschwimmen.eu\/index.php?rest_route=%2Fwp%2Fv2%2Fcomments&post=35"}],"version-history":[{"count":101,"href":"https:\/\/winterschwimmen.eu\/index.php?rest_route=\/wp\/v2\/pages\/35\/revisions"}],"predecessor-version":[{"id":632,"href":"https:\/\/winterschwimmen.eu\/index.php?rest_route=\/wp\/v2\/pages\/35\/revisions\/632"}],"wp:attachment":[{"href":"https:\/\/winterschwimmen.eu\/index.php?rest_route=%2Fwp%2Fv2%2Fmedia&parent=35"}],"curies":[{"name":"wp","href":"https:\/\/api.w.org\/{rel}","templated":true}]}}